{"id":2174,"date":"2025-09-23T23:30:24","date_gmt":"2025-09-24T05:30:24","guid":{"rendered":"https:\/\/www.burrowgate.com\/?page_id=2174"},"modified":"2025-09-25T04:39:48","modified_gmt":"2025-09-25T10:39:48","slug":"manage-notifications","status":"publish","type":"page","link":"https:\/\/www.burrowgate.com\/es\/manage-notifications\/","title":{"rendered":"Configurar Notificaciones"},"content":{"rendered":"<p class=\"has-large-font-size\">Configurar Notificaciones<\/p>\n\n\n\n<div class=\"wp-block-stackable-columns aligncenter stk-block-columns stk-block stk-12525e2 stk-block-background\" data-block-id=\"12525e2\"><style>.stk-12525e2 {background-color:#ffffff !important;border-top-left-radius:var(--stk--preset--border-radius--medium, 8px) !important;border-top-right-radius:var(--stk--preset--border-radius--medium, 8px) !important;border-bottom-right-radius:var(--stk--preset--border-radius--medium, 8px) !important;border-bottom-left-radius:var(--stk--preset--border-radius--medium, 8px) !important;overflow:hidden !important;box-shadow:0 5px 30px -10px #123f524d !important;}.stk-12525e2:before{background-color:#ffffff !important;}.stk-12525e2-column{max-width:850px !important;min-width:auto !important;}<\/style><div class=\"stk-row stk-inner-blocks stk-block-content stk-content-align stk-12525e2-column\">\n<div class=\"wp-block-stackable-column stk-block-column stk-column stk-block stk-9aca62d\" data-v=\"4\" data-block-id=\"9aca62d\"><div class=\"stk-column-wrapper stk-block-column__content stk-container stk-9aca62d-container stk--no-background stk--no-padding\"><div class=\"stk-block-content stk-inner-blocks stk-9aca62d-inner-blocks\">El formulario de gesti\u00f3n de suscripci\u00f3n s\u00f3lo est\u00e1 disponible a los suscriptores de las listas de correo.\n<\/div><\/div><\/div>\n<\/div><\/div>\n\n\n\n<p><\/p>","protected":false},"excerpt":{"rendered":"<p>Configurar Notificaciones<\/p>","protected":false},"author":1,"featured_media":0,"parent":0,"menu_order":0,"comment_status":"closed","ping_status":"closed","template":"","meta":{"pmpro_default_level":"","footnotes":""},"class_list":["post-2174","page","type-page","status-publish","hentry","pmpro-has-access"],"blocksy_meta":{"page_structure_type":"type-3","styles_descriptor":{"styles":{"desktop":"","tablet":"","mobile":""},"google_fonts":[],"version":6}},"_hostinger_reach_plugin_has_subscription_block":false,"_hostinger_reach_plugin_is_elementor":false,"_links":{"self":[{"href":"https:\/\/www.burrowgate.com\/es\/wp-json\/wp\/v2\/pages\/2174","targetHints":{"allow":["GET"]}}],"collection":[{"href":"https:\/\/www.burrowgate.com\/es\/wp-json\/wp\/v2\/pages"}],"about":[{"href":"https:\/\/www.burrowgate.com\/es\/wp-json\/wp\/v2\/types\/page"}],"author":[{"embeddable":true,"href":"https:\/\/www.burrowgate.com\/es\/wp-json\/wp\/v2\/users\/1"}],"replies":[{"embeddable":true,"href":"https:\/\/www.burrowgate.com\/es\/wp-json\/wp\/v2\/comments?post=2174"}],"version-history":[{"count":5,"href":"https:\/\/www.burrowgate.com\/es\/wp-json\/wp\/v2\/pages\/2174\/revisions"}],"predecessor-version":[{"id":2302,"href":"https:\/\/www.burrowgate.com\/es\/wp-json\/wp\/v2\/pages\/2174\/revisions\/2302"}],"wp:attachment":[{"href":"https:\/\/www.burrowgate.com\/es\/wp-json\/wp\/v2\/media?parent=2174"}],"curies":[{"name":"wp","href":"https:\/\/api.w.org\/{rel}","templated":true}]}}